{"id":3157,"date":"2026-01-29T21:25:09","date_gmt":"2026-01-30T04:25:09","guid":{"rendered":"https:\/\/bentriverrecords.macewan.ca\/?page_id=3157"},"modified":"2026-01-29T21:25:10","modified_gmt":"2026-01-30T04:25:10","slug":"homesteaders","status":"publish","type":"page","link":"https:\/\/bentriverrecords.macewan.ca\/index.php\/albums-old\/homesteaders\/","title":{"rendered":"Homesteaders"},"content":{"rendered":"<div class=\"wp-block-image\">\n<figure class=\"alignright size-large is-resized\"><img loading=\"lazy\" decoding=\"async\" width=\"1024\" height=\"1024\" src=\"https:\/\/bentriverrecords.macewan.ca\/wp-content\/uploads\/2026\/01\/DaveMossing_Homesteaders_CoverArtwork_Digital-1024x1024.jpg\" alt=\"\" class=\"wp-image-3159\" style=\"width:450px;height:450px\" srcset=\"https:\/\/bentriverrecords.macewan.ca\/wp-content\/uploads\/2026\/01\/DaveMossing_Homesteaders_CoverArtwork_Digital-1024x1024.jpg 1024w, https:\/\/bentriverrecords.macewan.ca\/wp-content\/uploads\/2026\/01\/DaveMossing_Homesteaders_CoverArtwork_Digital-300x300.jpg 300w, https:\/\/bentriverrecords.macewan.ca\/wp-content\/uploads\/2026\/01\/DaveMossing_Homesteaders_CoverArtwork_Digital-150x150.jpg 150w, https:\/\/bentriverrecords.macewan.ca\/wp-content\/uploads\/2026\/01\/DaveMossing_Homesteaders_CoverArtwork_Digital-768x768.jpg 768w, https:\/\/bentriverrecords.macewan.ca\/wp-content\/uploads\/2026\/01\/DaveMossing_Homesteaders_CoverArtwork_Digital-100x100.jpg 100w, https:\/\/bentriverrecords.macewan.ca\/wp-content\/uploads\/2026\/01\/DaveMossing_Homesteaders_CoverArtwork_Digital-1536x1536.jpg 1536w, https:\/\/bentriverrecords.macewan.ca\/wp-content\/uploads\/2026\/01\/DaveMossing_Homesteaders_CoverArtwork_Digital-2048x2048.jpg 2048w, https:\/\/bentriverrecords.macewan.ca\/wp-content\/uploads\/2026\/01\/DaveMossing_Homesteaders_CoverArtwork_Digital-36x36.jpg 36w, https:\/\/bentriverrecords.macewan.ca\/wp-content\/uploads\/2026\/01\/DaveMossing_Homesteaders_CoverArtwork_Digital-48x48.jpg 48w\" sizes=\"auto, (max-width: 1024px) 100vw, 1024px\" \/><\/figure>\n<\/div>\n\n\n<h1 class=\"wp-block-heading\"><strong>Homesteaders<\/strong><\/h1>\n\n\n\n<h2 class=\"wp-block-heading\"><strong>DAVE MOSSING<\/strong><\/h2>\n\n\n\n<p>BRR-202507<\/p>\n\n\n\n<p><strong>Track Listing<\/strong><\/p>\n\n\n\n<p>1. Homesteaders Suite<\/p>\n\n\n\n<ol class=\"wp-block-list\">\n<li>Homesteaders \u00a0 10:36<\/li>\n\n\n\n<li>Interlude I \u00a0 2:03<\/li>\n\n\n\n<li>St. Olaf \u00a0 4:49<\/li>\n\n\n\n<li>Interlude II \u00a0 1:15<\/li>\n\n\n\n<li>Dirge \u00a0 9:31<\/li>\n\n\n\n<li>Interlude III \u00a0 0:58<\/li>\n\n\n\n<li>From What You Have Given \u00a0 5:22<br>\u2014<\/li>\n\n\n\n<li>Day Trip \u00a0 7:24<\/li>\n\n\n\n<li>Grace \u00a0 6:26<\/li>\n\n\n\n<li>Big Muddy \u00a0 5:38<\/li>\n\n\n\n<li>Kindred \u00a0 6:16<\/li>\n<\/ol>\n\n\n\n<p>Dave Mossing \u2013 trumpet <br>Jean-Michel Pilc \u2013 piano<br>Ira Coleman \u2013 bass \u00a0 <br>Jim Doxas \u2013 drums<\/p>\n\n\n\n<p>In the early 1900\u2019s the government was giving away farm land on the Canadian prairies to encourage settlement. Many people from around the world immigrated to the region to take advantage of this opportunity including some of the Mossing family. They helped to establish and shape their southern Saskatchewan farming community, contributing their devotion to the church and their love of music. Having not visited the area since my grandparents moved away, my wife and I decided to take a day<br>trip to see what remained of what their lives used to be. A few years later I looked back at the photos<br>we took and reflected upon the places we visited along with the memories of the family that lived there. This inspired me to pay homage to these people and their story.<\/p>\n\n\n\n<p>Special thanks to Jean-Michel, Ira, and Jim for all of your passion and creativity that helped make this music go beyond where I could have ever imagined. Thanks to my good friend Paul Johnston for taking on this project and bringing not only his exquisite sonic capturing talents, but his musicianship and willingness to help me get this off the ground. Thanks to my parents for all of your support over the years, and for passing on the talents and traditions of the Homesteaders to your children. And lastly<br>to my own little family; my girls are always in my heart and are a constant source of inspiration.<br>This labour of love took a lot of time, energy and thought and would never have happened without the loving support of my wife. Thank you, Val, for affording me the time and space to make this happen.<\/p>\n\n\n\n<p>For full liner notes, please visit www.davemossing.com.<\/p>\n\n\n\n<p>Au d\u00e9but des ann\u00e9es 1900, le gouvernement c\u00e9dait des terres agricoles dans les prairies canadiennes pour encourager la colonisation. De nombreuses personnes du monde entier ont immigr\u00e9 dans la r\u00e9gion pour profiter de cette opportunit\u00e9, y compris certains membres de la famille Mossing. Ils ont aid\u00e9 \u00e0 \u00e9tablir et \u00e0 fa\u00e7onner leur communaut\u00e9 agricole du sud de la Saskatchewan, apportant leur d\u00e9vouement \u00e0 l\u2019\u00e9glise et leur amour de la musique. N\u2019ayant pas visit\u00e9 la r\u00e9gion depuis que mes grands-parents ont d\u00e9m\u00e9nag\u00e9, ma femme et moi avons d\u00e9cid\u00e9 de faire une excursion d\u2019une journ\u00e9e pour voir ce qui restait de leurs vies ant\u00e9rieures. Quelques ann\u00e9es plus tard, j\u2019ai regard\u00e9 les photos que nous avions prises et r\u00e9fl\u00e9chi aux endroits que nous avons visit\u00e9s ainsi qu\u2019aux souvenirs de la famille qui y a v\u00e9cu. Cela m\u2019a inspir\u00e9 \u00e0 rendre hommage \u00e0 ces personnes et \u00e0 leur histoire.<\/p>\n\n\n\n<p>Un grand merci \u00e0 Jean-Michel, Ira et Jim pour votre passion et votre cr\u00e9ativit\u00e9 qui ont aid\u00e9 cette musique \u00e0 aller au-del\u00e0 de ce que j\u2019aurais pu imaginer. Merci \u00e0 mon bon ami Paul Johnston d\u2019avoir pris en charge ce projet et d\u2019apporter non seulement ses talents exquis de capture sonore, mais aussi sa musicalit\u00e9 et sa volont\u00e9 de m\u2019aider \u00e0 faire d\u00e9coller cela. Merci \u00e0 mes parents pour tout votre soutien au fil des ans, et pour transmettre les talents et traditions des Homesteaders \u00e0 vos enfants. Et enfin \u00e0 ma propre petite famille ; mes filles sont toujours dans mon coeur et sont une source constante d\u2019inspiration. Ce travail d\u2019amour a pris beaucoup de temps, d\u2019\u00e9nergie et de r\u00e9flexion et ne se serait jamais produit sans le soutien aimant de ma femme. Merci, Val, de m\u2019accorder le temps et l\u2019espace n\u00e9cessaires pour y arriver.<\/p>\n\n\n\n<p>Pour les notes de pochette compl\u00e8te, veuillez visiter www.davemossing.com.<\/p>\n\n\n\n<p>Dave Mossing \u2013 trumpet \/ trompette<br>Jean-Michel Pilc \u2013 piano\u00a0<br>Ira Coleman \u2013 bass \/ contrebasse<br>\u00a0Jim Doxas \u2013 drums \/ batterie<\/p>\n\n\n\n<p>Compositions by \/ Compositions par<br>Dave Mossing (Socan)<\/p>\n\n\n\n<p>Produced by \/ R\u00e9alis\u00e9 par&nbsp;<br>Dave Mossing and Paul Johnston<\/p>\n\n\n\n<p>Recorded \/ Enregistr\u00e9&nbsp;<br>May 15&amp;16, 2025 at Studios Piccolo, Montreal<\/p>\n\n\n\n<p>Recorded and mixed by \/ Enregistr\u00e9 et mix\u00e9 par&nbsp;<br>Paul Johnston<\/p>\n\n\n\n<p>Assistant Engineer \/ Ing\u00e9nieur assistant&nbsp;<br>Vincent Bilodeau<\/p>\n\n\n\n<p>Mastered by \/ Matri\u00e7age par&nbsp;<br>Reuben Ghose, Mojito Mastering<\/p>\n\n\n\n<p>Photography by \/ Photos par&nbsp;<br>Sarah No\u00ebl, Dave Mossing, Abigail Mossing<\/p>\n\n\n\n<p>Cover design \/ Graphisme de pochette&nbsp;<br>Dave Mossing, Sarah No\u00ebl, Kristjan Buckingham&nbsp;<\/p>\n\n\n\n<p>Bent River Records Team 2025<br>Kristjan Buckingham, Padraig Buttner-Schnirer, Russell Comrie,<br>Will Drake, Paul Johnston, John McMillan<\/p>\n\n\n\n<p>This project was realized thanks to the support of the <strong>Conseil des arts et des lettres du Qu\u00e9bec<\/strong>.&nbsp; Ce projet a \u00e9t\u00e9 r\u00e9alis\u00e9 gr\u00e2ce au soutien du <strong>Conseil des arts et des lettres du Qu\u00e9bec<\/strong>.<\/p>\n","protected":false},"excerpt":{"rendered":"<p>Homesteaders DAVE MOSSING BRR-202507 Track Listing 1. Homesteaders Suite Dave Mossing \u2013 trumpet Jean-Michel Pilc \u2013 pianoIra Coleman \u2013 bass \u00a0 Jim Doxas \u2013 drums In the early 1900\u2019s the government was giving away farm land on the Canadian prairies to encourage settlement. Many people from around the world immigrated to the region to take &#8230; <a title=\"Homesteaders\" class=\"read-more\" href=\"https:\/\/bentriverrecords.macewan.ca\/index.php\/albums-old\/homesteaders\/\">Read more<\/a><\/p>\n","protected":false},"author":11,"featured_media":0,"parent":1199,"menu_order":0,"comment_status":"closed","ping_status":"closed","template":"","meta":{"_uag_custom_page_level_css":"","generate_page_header":"","footnotes":""},"class_list":["post-3157","page","type-page","status-publish"],"uagb_featured_image_src":{"full":false,"thumbnail":false,"medium":false,"medium_large":false,"large":false,"RoboGalleryMansoryImagesCenter":false,"RoboGalleryPreload":false,"1536x1536":false,"2048x2048":false,"menu-87.2793x36":false,"menu-36x36":false,"menu-48x48":false},"uagb_author_info":{"display_name":"BRR Team","author_link":"https:\/\/bentriverrecords.macewan.ca\/index.php\/author\/brr-team\/"},"uagb_comment_info":0,"uagb_excerpt":"Homesteaders DAVE MOSSING BRR-202507 Track Listing 1. Homesteaders Suite Dave Mossing \u2013 trumpet Jean-Michel Pilc \u2013 pianoIra Coleman \u2013 bass \u00a0 Jim Doxas \u2013 drums In the early 1900\u2019s the government was giving away farm land on the Canadian prairies to encourage settlement. Many people from around the world immigrated to the region to take&hellip;","_links":{"self":[{"href":"https:\/\/bentriverrecords.macewan.ca\/index.php\/wp-json\/wp\/v2\/pages\/3157","targetHints":{"allow":["GET"]}}],"collection":[{"href":"https:\/\/bentriverrecords.macewan.ca\/index.php\/wp-json\/wp\/v2\/pages"}],"about":[{"href":"https:\/\/bentriverrecords.macewan.ca\/index.php\/wp-json\/wp\/v2\/types\/page"}],"author":[{"embeddable":true,"href":"https:\/\/bentriverrecords.macewan.ca\/index.php\/wp-json\/wp\/v2\/users\/11"}],"replies":[{"embeddable":true,"href":"https:\/\/bentriverrecords.macewan.ca\/index.php\/wp-json\/wp\/v2\/comments?post=3157"}],"version-history":[{"count":1,"href":"https:\/\/bentriverrecords.macewan.ca\/index.php\/wp-json\/wp\/v2\/pages\/3157\/revisions"}],"predecessor-version":[{"id":3160,"href":"https:\/\/bentriverrecords.macewan.ca\/index.php\/wp-json\/wp\/v2\/pages\/3157\/revisions\/3160"}],"up":[{"embeddable":true,"href":"https:\/\/bentriverrecords.macewan.ca\/index.php\/wp-json\/wp\/v2\/pages\/1199"}],"wp:attachment":[{"href":"https:\/\/bentriverrecords.macewan.ca\/index.php\/wp-json\/wp\/v2\/media?parent=3157"}],"curies":[{"name":"wp","href":"https:\/\/api.w.org\/{rel}","templated":true}]}}